{"id":230,"date":"2016-06-14T15:49:18","date_gmt":"2016-06-14T08:49:18","guid":{"rendered":"http:\/\/growgreenteacher.com\/?page_id=230"},"modified":"2019-09-10T23:45:54","modified_gmt":"2019-09-10T16:45:54","slug":"ve-grow-green","status":"publish","type":"page","link":"https:\/\/growgreenteacher.com\/en\/ve-grow-green\/","title":{"rendered":"About Us"},"content":{"rendered":"<p>Grow Green Vietnam specializes in providing native English teachers to schools and English Centers in Vietnam. Quality of our services is confirmed from the team of qualified teachers are recognized worldwide. Grow Green Vietnam wants to cooperate and accompany English centers, schools, businesses, individuals, \u2026<\/p>\n<p>Customers looking for partners who provides native English speakers, please contact at 0945.68.78.68 (online 24\/7) for advice and supply the best Teachers.<\/p>\n<p>___ Grow Green Vietnam Co, Ltd:<br \/>\nTel (online 24\/7): [Phone_1]<br \/>\nHeadquater: No. 39 Hoa B\u1eb1ng St., C\u1ea7u Gi\u1ea5y Dist., H\u00e0 N\u1ed9i<\/p>","protected":false},"excerpt":{"rendered":"<p>Grow Green Vietnam specializes in providing native English teachers to schools and English Centers in Vietnam. Quality of our services is confirmed from the team of qualified teachers are recognized worldwide. Grow Green Vietnam wants to cooperate and accompany English centers, schools, businesses, individuals, \u2026 <\/p>\n","protected":false},"author":1,"featured_media":0,"parent":0,"menu_order":0,"comment_status":"closed","ping_status":"closed","template":"","meta":{"footnotes":""},"yoast_head":"<!-- This site is optimized with the Yoast SEO plugin v22.2 - https:\/\/yoast.com\/wordpress\/plugins\/seo\/ -->\n<title>About Us - Grow Green<\/title>\n<meta name=\"description\" content=\"Grow Green Vietnam chuy\u00ean cung c\u1ea5p gi\u00e1o vi\u00ean b\u1ea3n ng\u1eef, gi\u00e1o vi\u00ean n\u01b0\u1edbc ngo\u00e0i, d\u1ecbch v\u1ee5 cung c\u1ea5p gi\u00e1o vi\u00ean b\u1ea3n ng\u1eef v\u1edbi \u0111\u1ed9i ng\u0169 100% gi\u00e1o vi\u00ean M\u1ef9, \u00dac, Canada, Anh.\" \/>\n<meta name=\"robots\" content=\"index, follow, max-snippet:-1, max-image-preview:large, max-video-preview:-1\" \/>\n<link rel=\"canonical\" href=\"https:\/\/growgreenteacher.com\/ve-grow-green\/\" \/>\n<meta property=\"og:locale\" content=\"en_US\" \/>\n<meta property=\"og:type\" content=\"article\" \/>\n<meta property=\"og:title\" content=\"[:vi]V\u1ec1 Grow Green[:en]About Us[:] - Grow Green\" \/>\n<meta property=\"og:description\" content=\"Grow Green Vietnam chuy\u00ean cung c\u1ea5p gi\u00e1o vi\u00ean b\u1ea3n ng\u1eef, gi\u00e1o vi\u00ean n\u01b0\u1edbc ngo\u00e0i, d\u1ecbch v\u1ee5 cung c\u1ea5p gi\u00e1o vi\u00ean b\u1ea3n ng\u1eef v\u1edbi \u0111\u1ed9i ng\u0169 100% gi\u00e1o vi\u00ean M\u1ef9, \u00dac, Canada, Anh.\" \/>\n<meta property=\"og:url\" content=\"https:\/\/growgreenteacher.com\/ve-grow-green\/\" \/>\n<meta property=\"og:site_name\" content=\"Grow Green\" \/>\n<meta property=\"article:modified_time\" content=\"2019-09-10T16:45:54+00:00\" \/>\n<meta property=\"og:image\" content=\"https:\/\/growgreenteacher.com\/wp-content\/uploads\/2024\/03\/GG.png\" \/>\n\t<meta property=\"og:image:width\" content=\"500\" \/>\n\t<meta property=\"og:image:height\" content=\"500\" \/>\n\t<meta property=\"og:image:type\" content=\"image\/png\" \/>\n<meta name=\"twitter:card\" content=\"summary_large_image\" \/>\n<meta name=\"twitter:label1\" content=\"Est. reading time\" \/>\n\t<meta name=\"twitter:data1\" content=\"1 minute\" \/>\n<script type=\"application\/ld+json\" class=\"yoast-schema-graph\">{\"@context\":\"https:\/\/schema.org\",\"@graph\":[{\"@type\":\"WebPage\",\"@id\":\"https:\/\/growgreenteacher.com\/ve-grow-green\/\",\"url\":\"https:\/\/growgreenteacher.com\/ve-grow-green\/\",\"name\":\"[:vi]V\u1ec1 Grow Green[:en]About Us[:] - Grow Green\",\"isPartOf\":{\"@id\":\"https:\/\/growgreenteacher.com\/#website\"},\"datePublished\":\"2016-06-14T08:49:18+00:00\",\"dateModified\":\"2019-09-10T16:45:54+00:00\",\"description\":\"Grow Green Vietnam chuy\u00ean cung c\u1ea5p gi\u00e1o vi\u00ean b\u1ea3n ng\u1eef, gi\u00e1o vi\u00ean n\u01b0\u1edbc ngo\u00e0i, d\u1ecbch v\u1ee5 cung c\u1ea5p gi\u00e1o vi\u00ean b\u1ea3n ng\u1eef v\u1edbi \u0111\u1ed9i ng\u0169 100% gi\u00e1o vi\u00ean M\u1ef9, \u00dac, Canada, Anh.\",\"breadcrumb\":{\"@id\":\"https:\/\/growgreenteacher.com\/ve-grow-green\/#breadcrumb\"},\"inLanguage\":\"en-US\",\"potentialAction\":[{\"@type\":\"ReadAction\",\"target\":[\"https:\/\/growgreenteacher.com\/ve-grow-green\/\"]}]},{\"@type\":\"BreadcrumbList\",\"@id\":\"https:\/\/growgreenteacher.com\/ve-grow-green\/#breadcrumb\",\"itemListElement\":[{\"@type\":\"ListItem\",\"position\":1,\"name\":\"Trang ch\u1ee7\",\"item\":\"https:\/\/growgreenteacher.com\/\"},{\"@type\":\"ListItem\",\"position\":2,\"name\":\"About Us\"}]},{\"@type\":\"WebSite\",\"@id\":\"https:\/\/growgreenteacher.com\/#website\",\"url\":\"https:\/\/growgreenteacher.com\/\",\"name\":\"Grow Green\",\"description\":\"Native English Teachers Providing Company\",\"publisher\":{\"@id\":\"https:\/\/growgreenteacher.com\/#organization\"},\"alternateName\":\"growgreenteacher.com\",\"potentialAction\":[{\"@type\":\"SearchAction\",\"target\":{\"@type\":\"EntryPoint\",\"urlTemplate\":\"https:\/\/growgreenteacher.com\/?s={search_term_string}\"},\"query-input\":\"required name=search_term_string\"}],\"inLanguage\":\"en-US\"},{\"@type\":\"Organization\",\"@id\":\"https:\/\/growgreenteacher.com\/#organization\",\"name\":\"Grow Green\",\"url\":\"https:\/\/growgreenteacher.com\/\",\"logo\":{\"@type\":\"ImageObject\",\"inLanguage\":\"en-US\",\"@id\":\"https:\/\/growgreenteacher.com\/#\/schema\/logo\/image\/\",\"url\":\"https:\/\/growgreenteacher.com\/wp-content\/uploads\/2024\/03\/GG.png\",\"contentUrl\":\"https:\/\/growgreenteacher.com\/wp-content\/uploads\/2024\/03\/GG.png\",\"width\":500,\"height\":500,\"caption\":\"Grow Green\"},\"image\":{\"@id\":\"https:\/\/growgreenteacher.com\/#\/schema\/logo\/image\/\"}}]}<\/script>\n<!-- \/ Yoast SEO plugin. -->","yoast_head_json":{"title":"[:vi]V\u1ec1 Grow Green[:en]About Us[:] - Grow Green","description":"Grow Green Vietnam chuy\u00ean cung c\u1ea5p gi\u00e1o vi\u00ean b\u1ea3n ng\u1eef, gi\u00e1o vi\u00ean n\u01b0\u1edbc ngo\u00e0i, d\u1ecbch v\u1ee5 cung c\u1ea5p gi\u00e1o vi\u00ean b\u1ea3n ng\u1eef v\u1edbi \u0111\u1ed9i ng\u0169 100% gi\u00e1o vi\u00ean M\u1ef9, \u00dac, Canada, Anh.","robots":{"index":"index","follow":"follow","max-snippet":"max-snippet:-1","max-image-preview":"max-image-preview:large","max-video-preview":"max-video-preview:-1"},"canonical":"https:\/\/growgreenteacher.com\/ve-grow-green\/","og_locale":"en_US","og_type":"article","og_title":"[:vi]V\u1ec1 Grow Green[:en]About Us[:] - Grow Green","og_description":"Grow Green Vietnam chuy\u00ean cung c\u1ea5p gi\u00e1o vi\u00ean b\u1ea3n ng\u1eef, gi\u00e1o vi\u00ean n\u01b0\u1edbc ngo\u00e0i, d\u1ecbch v\u1ee5 cung c\u1ea5p gi\u00e1o vi\u00ean b\u1ea3n ng\u1eef v\u1edbi \u0111\u1ed9i ng\u0169 100% gi\u00e1o vi\u00ean M\u1ef9, \u00dac, Canada, Anh.","og_url":"https:\/\/growgreenteacher.com\/ve-grow-green\/","og_site_name":"Grow Green","article_modified_time":"2019-09-10T16:45:54+00:00","og_image":[{"width":500,"height":500,"url":"https:\/\/growgreenteacher.com\/wp-content\/uploads\/2024\/03\/GG.png","type":"image\/png"}],"twitter_card":"summary_large_image","twitter_misc":{"Est. reading time":"1 minute"},"schema":{"@context":"https:\/\/schema.org","@graph":[{"@type":"WebPage","@id":"https:\/\/growgreenteacher.com\/ve-grow-green\/","url":"https:\/\/growgreenteacher.com\/ve-grow-green\/","name":"[:vi]V\u1ec1 Grow Green[:en]About Us[:] - Grow Green","isPartOf":{"@id":"https:\/\/growgreenteacher.com\/#website"},"datePublished":"2016-06-14T08:49:18+00:00","dateModified":"2019-09-10T16:45:54+00:00","description":"Grow Green Vietnam chuy\u00ean cung c\u1ea5p gi\u00e1o vi\u00ean b\u1ea3n ng\u1eef, gi\u00e1o vi\u00ean n\u01b0\u1edbc ngo\u00e0i, d\u1ecbch v\u1ee5 cung c\u1ea5p gi\u00e1o vi\u00ean b\u1ea3n ng\u1eef v\u1edbi \u0111\u1ed9i ng\u0169 100% gi\u00e1o vi\u00ean M\u1ef9, \u00dac, Canada, Anh.","breadcrumb":{"@id":"https:\/\/growgreenteacher.com\/ve-grow-green\/#breadcrumb"},"inLanguage":"en-US","potentialAction":[{"@type":"ReadAction","target":["https:\/\/growgreenteacher.com\/ve-grow-green\/"]}]},{"@type":"BreadcrumbList","@id":"https:\/\/growgreenteacher.com\/ve-grow-green\/#breadcrumb","itemListElement":[{"@type":"ListItem","position":1,"name":"Trang ch\u1ee7","item":"https:\/\/growgreenteacher.com\/"},{"@type":"ListItem","position":2,"name":"About Us"}]},{"@type":"WebSite","@id":"https:\/\/growgreenteacher.com\/#website","url":"https:\/\/growgreenteacher.com\/","name":"Grow Green","description":"Native English Teachers Providing Company","publisher":{"@id":"https:\/\/growgreenteacher.com\/#organization"},"alternateName":"growgreenteacher.com","potentialAction":[{"@type":"SearchAction","target":{"@type":"EntryPoint","urlTemplate":"https:\/\/growgreenteacher.com\/?s={search_term_string}"},"query-input":"required name=search_term_string"}],"inLanguage":"en-US"},{"@type":"Organization","@id":"https:\/\/growgreenteacher.com\/#organization","name":"Grow Green","url":"https:\/\/growgreenteacher.com\/","logo":{"@type":"ImageObject","inLanguage":"en-US","@id":"https:\/\/growgreenteacher.com\/#\/schema\/logo\/image\/","url":"https:\/\/growgreenteacher.com\/wp-content\/uploads\/2024\/03\/GG.png","contentUrl":"https:\/\/growgreenteacher.com\/wp-content\/uploads\/2024\/03\/GG.png","width":500,"height":500,"caption":"Grow Green"},"image":{"@id":"https:\/\/growgreenteacher.com\/#\/schema\/logo\/image\/"}}]}},"_links":{"self":[{"href":"https:\/\/growgreenteacher.com\/en\/wp-json\/wp\/v2\/pages\/230"}],"collection":[{"href":"https:\/\/growgreenteacher.com\/en\/wp-json\/wp\/v2\/pages"}],"about":[{"href":"https:\/\/growgreenteacher.com\/en\/wp-json\/wp\/v2\/types\/page"}],"author":[{"embeddable":true,"href":"https:\/\/growgreenteacher.com\/en\/wp-json\/wp\/v2\/users\/1"}],"replies":[{"embeddable":true,"href":"https:\/\/growgreenteacher.com\/en\/wp-json\/wp\/v2\/comments?post=230"}],"version-history":[{"count":2,"href":"https:\/\/growgreenteacher.com\/en\/wp-json\/wp\/v2\/pages\/230\/revisions"}],"predecessor-version":[{"id":276,"href":"https:\/\/growgreenteacher.com\/en\/wp-json\/wp\/v2\/pages\/230\/revisions\/276"}],"wp:attachment":[{"href":"https:\/\/growgreenteacher.com\/en\/wp-json\/wp\/v2\/media?parent=230"}],"curies":[{"name":"wp","href":"https:\/\/api.w.org\/{rel}","templated":true}]}}